{"id":11049,"date":"2021-04-06T10:04:49","date_gmt":"2021-04-06T07:04:49","guid":{"rendered":"https:\/\/nyohjelmat.fi\/rekisterointi\/"},"modified":"2023-06-22T15:21:12","modified_gmt":"2023-06-22T12:21:12","slug":"rekisterointi","status":"publish","type":"page","link":"https:\/\/nyohjelmat.fi\/sv\/rekisterointi\/","title":{"rendered":"Registrering"},"content":{"rendered":"\t\t<div data-elementor-type=\"wp-page\" data-elementor-id=\"11049\" class=\"elementor elementor-11049 elementor-539\" data-elementor-post-type=\"page\">\n\t\t\t\t\t\t<section class=\"elementor-section elementor-top-section elementor-element elementor-element-17cf690c elementor-section-boxed elementor-section-height-default elementor-section-height-default\" data-id=\"17cf690c\" data-element_type=\"section\" data-e-type=\"section\">\n\t\t\t\t\t\t<div class=\"elementor-container elementor-column-gap-default\">\n\t\t\t\t\t<div class=\"elementor-column elementor-col-50 elementor-top-column elementor-element elementor-element-c7a4f1c\" data-id=\"c7a4f1c\" data-element_type=\"column\" data-e-type=\"column\">\n\t\t\t<div class=\"elementor-widget-wrap\">\n\t\t\t\t\t\t\t<\/div>\n\t\t<\/div>\n\t\t\t\t<div class=\"elementor-column elementor-col-50 elementor-top-column elementor-element elementor-element-47ffbe07\" data-id=\"47ffbe07\" data-element_type=\"column\" data-e-type=\"column\" data-settings=\"{&quot;background_background&quot;:&quot;classic&quot;}\">\n\t\t\t<div class=\"elementor-widget-wrap elementor-element-populated\">\n\t\t\t\t\t\t<div class=\"elementor-element elementor-element-6a35a47b elementor-widget elementor-widget-text-editor\" data-id=\"6a35a47b\" data-element_type=\"widget\" data-e-type=\"widget\" data-widget_type=\"text-editor.default\">\n\t\t\t\t<div class=\"elementor-widget-container\">\n\t\t\t\t\t\t\t\t\t<p>Denna webbplats f\u00e5r en ny registeransvarig den 1 juni 2023. Den nya registeransvarige \u00e4r Ung f\u00f6retagsamhet och ekonomi NYT rf.<\/p><p><strong>Genom att registrera dig godk\u00e4nner du \u00e4ndringen av registeransvarige.<\/strong><\/p>\t\t\t\t\t\t\t\t<\/div>\n\t\t\t\t<\/div>\n\t\t\t\t\t<\/div>\n\t\t<\/div>\n\t\t\t\t\t<\/div>\n\t\t<\/section>\n\t\t\t\t<section class=\"elementor-section elementor-top-section elementor-element elementor-element-98eb30a elementor-section-boxed elementor-section-height-default elementor-section-height-default\" data-id=\"98eb30a\" data-element_type=\"section\" data-e-type=\"section\">\n\t\t\t\t\t\t<div class=\"elementor-container elementor-column-gap-default\">\n\t\t\t\t\t<div class=\"elementor-column elementor-col-50 elementor-top-column elementor-element elementor-element-93e9d26\" data-id=\"93e9d26\" data-element_type=\"column\" data-e-type=\"column\">\n\t\t\t<div class=\"elementor-widget-wrap elementor-element-populated\">\n\t\t\t\t\t\t<div class=\"elementor-element elementor-element-1b11e6a elementor-view-default elementor-widget elementor-widget-icon\" data-id=\"1b11e6a\" data-element_type=\"widget\" data-e-type=\"widget\" data-widget_type=\"icon.default\">\n\t\t\t\t<div class=\"elementor-widget-container\">\n\t\t\t\t\t\t\t<div class=\"elementor-icon-wrapper\">\n\t\t\t<div class=\"elementor-icon\">\n\t\t\t<i aria-hidden=\"true\" class=\"fas fa-info-circle\"><\/i>\t\t\t<\/div>\n\t\t<\/div>\n\t\t\t\t\t\t<\/div>\n\t\t\t\t<\/div>\n\t\t\t\t<div class=\"elementor-element elementor-element-ddec965 elementor-widget elementor-widget-text-editor\" data-id=\"ddec965\" data-element_type=\"widget\" data-e-type=\"widget\" data-widget_type=\"text-editor.default\">\n\t\t\t\t<div class=\"elementor-widget-container\">\n\t\t\t\t\t\t\t\t\t<ul><li><strong>F\u00f6r att registrera dig beh\u00f6ver du en e-postadress som slutar med .fi eller .ax\u00a0<\/strong><\/li><li><strong>Anv\u00e4nd\u00a0i\u00a0registreringen\u00a0din\u00a0skolas\u00a0e-postadress\u00a0<\/strong><\/li><li><strong>I\u00a0forts\u00e4ttningen\u00a0anv\u00e4nder\u00a0du e-postadressen\u00a0som\u00a0anv\u00e4ndarnamn\u00a0d\u00e5\u00a0du\u00a0loggar\u00a0in\u00a0<\/strong><\/li><li><strong>Ifall\u00a0det\u00a0uppst\u00e5r\u00a0problem\u00a0ta\u00a0kontakt\u00a0till\u00a0<a href=\"https:\/\/nuoriyrittajyys.fi\/sv\/kontakta-oss\/\" target=\"_blank\" rel=\"noopener\">kundservicen\u00a0<\/a><\/strong><\/li><\/ul>\t\t\t\t\t\t\t\t<\/div>\n\t\t\t\t<\/div>\n\t\t\t\t\t<\/div>\n\t\t<\/div>\n\t\t\t\t<div class=\"elementor-column elementor-col-50 elementor-top-column elementor-element elementor-element-821786a\" data-id=\"821786a\" data-element_type=\"column\" data-e-type=\"column\">\n\t\t\t<div class=\"elementor-widget-wrap elementor-element-populated\">\n\t\t\t\t\t\t<div class=\"elementor-element elementor-element-1d1e45d1 elementor-widget elementor-widget-text-editor\" data-id=\"1d1e45d1\" data-element_type=\"widget\" data-e-type=\"widget\" data-widget_type=\"text-editor.default\">\n\t\t\t\t<div class=\"elementor-widget-container\">\n\t\t\t\t\t\t\t\t\t\n<div class=\"frm_forms  with_frm_style frm_style_formidable-style\" id=\"frm_form_6_container\" >\n<form enctype=\"multipart\/form-data\" method=\"post\" class=\"frm-show-form  frm_pro_form \" id=\"form_rekisterintilomake\" >\n<div class=\"frm_form_fields \">\n<fieldset>\n<legend class=\"frm_screen_reader\">Rekister\u00f6intilomake<\/legend>\r\n\r\n<div class=\"frm_fields_container\">\n<input type=\"hidden\" name=\"frm_action\" value=\"create\" \/>\n<input type=\"hidden\" name=\"form_id\" value=\"6\" \/>\n<input type=\"hidden\" name=\"frm_hide_fields_6\" id=\"frm_hide_fields_6\" value=\"\" \/>\n<input type=\"hidden\" name=\"form_key\" value=\"rekisterintilomake\" \/>\n<input type=\"hidden\" name=\"item_meta[0]\" value=\"\" \/>\n<input type=\"hidden\" id=\"frm_submit_entry_6\" name=\"frm_submit_entry_6\" value=\"03075f7c5a\" \/><input type=\"hidden\" name=\"_wp_http_referer\" value=\"\/sv\/wp-json\/wp\/v2\/pages\/11049\" \/><input type=\"hidden\" name=\"item_meta[30]\" id=\"field_6kv4r\" value=\"\" data-frmval=\"\"\/>\n<div id=\"frm_field_31_container\" class=\"frm_form_field form-field  frm_required_field frm_top_container\">\r\n    <label for=\"field_iwh14\" id=\"field_iwh14_label\" class=\"frm_primary_label\">F\u00f6rnamn\r\n        <span class=\"frm_required\">*<\/span>\r\n    <\/label>\r\n    <input  type=\"text\" id=\"field_iwh14\" name=\"item_meta[31]\" value=\"\"  data-reqmsg=\"F\u00f6rnamn cannot be blank.\" aria-required=\"true\" data-invmsg=\"Text is invalid\" aria-invalid=\"false\"   \/>\r\n    \r\n    \r\n<\/div>\n<div id=\"frm_field_32_container\" class=\"frm_form_field form-field  frm_required_field frm_top_container\">\r\n    <label for=\"field_y0hv3\" id=\"field_y0hv3_label\" class=\"frm_primary_label\">Efternamn \r\n        <span class=\"frm_required\">*<\/span>\r\n    <\/label>\r\n    <input  type=\"text\" id=\"field_y0hv3\" name=\"item_meta[32]\" value=\"\"  data-reqmsg=\"Efternamn  cannot be blank.\" aria-required=\"true\" data-invmsg=\"Text is invalid\" aria-invalid=\"false\"   \/>\r\n    \r\n    \r\n<\/div>\n<div id=\"frm_field_33_container\" class=\"frm_form_field form-field  frm_required_field frm_top_container frm_half frm_first\">\r\n    <label for=\"field_xhn6h\" id=\"field_xhn6h_label\" class=\"frm_primary_label\">E-postadress\r\n        <span class=\"frm_required\">*<\/span>\r\n    <\/label>\r\n    <input type=\"email\" id=\"field_xhn6h\" name=\"item_meta[33]\" value=\"\"  data-reqmsg=\"T\u00e4m\u00e4 kentt\u00e4 ei voi olla tyhj\u00e4\" aria-required=\"true\" data-invmsg=\"S\u00e4hk\u00f6posti on v\u00e4\u00e4r\u00e4ss\u00e4 muodossa.\" aria-invalid=\"false\"   aria-describedby=\"frm_desc_field_xhn6h\"\/>\r\n    <div class=\"frm_description\" id=\"frm_desc_field_xhn6h\">Anv\u00e4nd din skolas e-postadress. E-posten m\u00e5ste sluta p\u00e5 .fi eller .ax. <\/div>\r\n    \r\n<\/div>\n<div id=\"frm_field_268_container\" class=\"frm_form_field form-field  frm_required_field frm_top_container frm_half frm_alignright\">\r\n    <label for=\"field_u2ths\" id=\"field_u2ths_label\" class=\"frm_primary_label\">Granskningsf\u00e4lt\r\n        <span class=\"frm_required\" aria-hidden=\"true\">*<\/span>\r\n    <\/label>\r\n    <input  type=\"text\" id=\"field_u2ths\" name=\"item_meta[268]\" value=\"[33]\"  readonly=\"readonly\"  data-frmval=\"[33]\" data-reqmsg=\"Granskningsf\u00e4lt cannot be blank.\" aria-required=\"true\" data-invmsg=\"Text is invalid\" aria-invalid=\"false\" pattern=\"[a-zA-Z0-9._-]{1,64}@[a-zA-Z0-9._-]{1,64}(\\.fi|\\.ax)$\"   aria-describedby=\"frm_desc_field_u2ths\" \/>\r\n    <div class=\"frm_description\" id=\"frm_desc_field_u2ths\">F\u00e4ltet granskar automatiskt att e-postadressen du anv\u00e4nder slutar p\u00e5 .fi eller .ax<\/div>\r\n    \r\n<\/div>\n<div id=\"frm_field_34_container\" class=\"frm_form_field form-field  frm_required_field frm_top_container\">\r\n    <label for=\"field_q6s2z\" id=\"field_q6s2z_label\" class=\"frm_primary_label\">Telefonnummer\r\n        <span class=\"frm_required\">*<\/span>\r\n    <\/label>\r\n    <input type=\"tel\" id=\"field_q6s2z\" name=\"item_meta[34]\" value=\"\"  data-reqmsg=\"Telefonnummer cannot be blank.\" aria-required=\"true\" data-invmsg=\"Phone is invalid\" aria-invalid=\"false\" pattern=\"((\\+\\d{1,3}(-|.| )?\\(?\\d\\)?(-| |.)?\\d{1,5})|(\\(?\\d{2,6}\\)?))(-|.| )?(\\d{3,4})(-|.| )?(\\d{4})(( x| ext)\\d{1,5}){0,1}$\"  \/>\r\n    \r\n    \r\n<\/div>\n<div id=\"frm_field_35_container\" class=\"frm_form_field form-field  frm_required_field frm_top_container\">\r\n    <label for=\"field_3jw2g\" id=\"field_3jw2g_label\" class=\"frm_primary_label\">L\u00f6senord\r\n        <span class=\"frm_required\">*<\/span>\r\n    <\/label>\r\n    <input type=\"password\" id=\"field_3jw2g\" name=\"item_meta[35]\" value=\"\"  data-reqmsg=\"L\u00f6senord cannot be blank.\" aria-required=\"true\" data-invmsg=\"Password is invalid\" aria-invalid=\"false\"  \/>\r\n    \r\n    \r\n<\/div>\n<div id=\"frm_field_36_container\" class=\"frm_form_field form-field  frm_required_field frm_top_container\">\r\n    <label for=\"field_e692h\" id=\"field_e692h_label\" class=\"frm_primary_label\">Landskap\r\n        <span class=\"frm_required\">*<\/span>\r\n    <\/label>\r\n    \t\t<select  name=\"item_meta[36]\" id=\"field_e692h\"  data-reqmsg=\"Landskap cannot be blank.\" aria-required=\"true\" data-invmsg=\"Landskap \u00e4r ogiltigt\" aria-invalid=\"false\"  >\n\t\t\t\t\t\t\t<option  value=\"\" class=\"frm-select-placeholder\">\n\t\t\t\t\t \t\t\t\t<\/option>\n\t\t\t\t\t\t\t\t<option  value=\"Ahvenanmaa | \u00c5land\">\n\t\t\t\t\tAhvenanmaa | \u00c5land\t\t\t\t<\/option>\n\t\t\t\t\t\t\t\t<option  value=\"Etel\u00e4-Karjala | S\u00f6dra Karelen\">\n\t\t\t\t\tEtel\u00e4-Karjala | S\u00f6dra Karelen\t\t\t\t<\/option>\n\t\t\t\t\t\t\t\t<option  value=\"Etel\u00e4-Pohjanmaa | S\u00f6dra \u00d6sterbotten\">\n\t\t\t\t\tEtel\u00e4-Pohjanmaa | S\u00f6dra \u00d6sterbotten\t\t\t\t<\/option>\n\t\t\t\t\t\t\t\t<option  value=\"Etel\u00e4-Savo | S\u00f6dra Savolax\">\n\t\t\t\t\tEtel\u00e4-Savo | S\u00f6dra Savolax\t\t\t\t<\/option>\n\t\t\t\t\t\t\t\t<option  value=\"Kainuu | Kajanaland\">\n\t\t\t\t\tKainuu | Kajanaland\t\t\t\t<\/option>\n\t\t\t\t\t\t\t\t<option  value=\"Kanta-H\u00e4me | Egentliga Tavastland\">\n\t\t\t\t\tKanta-H\u00e4me | Egentliga Tavastland\t\t\t\t<\/option>\n\t\t\t\t\t\t\t\t<option  value=\"Keski-Pohjanmaa | Mellersta \u00d6sterbotten\">\n\t\t\t\t\tKeski-Pohjanmaa | Mellersta \u00d6sterbotten\t\t\t\t<\/option>\n\t\t\t\t\t\t\t\t<option  value=\"Keski-Suomi | Mellersta Finland\">\n\t\t\t\t\tKeski-Suomi | Mellersta Finland\t\t\t\t<\/option>\n\t\t\t\t\t\t\t\t<option  value=\"Kymenlaakso | Kymmenedalen\">\n\t\t\t\t\tKymenlaakso | Kymmenedalen\t\t\t\t<\/option>\n\t\t\t\t\t\t\t\t<option  value=\"Lappi | Lappland\">\n\t\t\t\t\tLappi | Lappland\t\t\t\t<\/option>\n\t\t\t\t\t\t\t\t<option  value=\"Pirkanmaa | Birkaland\">\n\t\t\t\t\tPirkanmaa | Birkaland\t\t\t\t<\/option>\n\t\t\t\t\t\t\t\t<option  value=\"Pohjanmaa | \u00d6sterbotten\">\n\t\t\t\t\tPohjanmaa | \u00d6sterbotten\t\t\t\t<\/option>\n\t\t\t\t\t\t\t\t<option  value=\"Pohjois-Karjala | Norra Karelen\">\n\t\t\t\t\tPohjois-Karjala | Norra Karelen\t\t\t\t<\/option>\n\t\t\t\t\t\t\t\t<option  value=\"Pohjois-Pohjanmaa | Norra \u00d6sterbotten\">\n\t\t\t\t\tPohjois-Pohjanmaa | Norra \u00d6sterbotten\t\t\t\t<\/option>\n\t\t\t\t\t\t\t\t<option  value=\"Pohjois-Savo | Norra Savolax\">\n\t\t\t\t\tPohjois-Savo | Norra Savolax\t\t\t\t<\/option>\n\t\t\t\t\t\t\t\t<option  value=\"P\u00e4ij\u00e4t-H\u00e4me | P\u00e4ij\u00e4nne Tavastland\">\n\t\t\t\t\tP\u00e4ij\u00e4t-H\u00e4me | P\u00e4ij\u00e4nne Tavastland\t\t\t\t<\/option>\n\t\t\t\t\t\t\t\t<option  value=\"Satakunta\">\n\t\t\t\t\tSatakunta\t\t\t\t<\/option>\n\t\t\t\t\t\t\t\t<option  value=\"Uusimaa | Nyland\">\n\t\t\t\t\tUusimaa | Nyland\t\t\t\t<\/option>\n\t\t\t\t\t\t\t\t<option  value=\"Valtakunnallinen \/ Landsomfattande \/ National\">\n\t\t\t\t\tValtakunnallinen \/ Landsomfattande \/ National\t\t\t\t<\/option>\n\t\t\t\t\t\t\t\t<option  value=\"Varsinais-Suomi | Egentliga Finland\">\n\t\t\t\t\tVarsinais-Suomi | Egentliga Finland\t\t\t\t<\/option>\n\t\t\t\t\t\t<\/select>\n\t\t\r\n    \r\n    \r\n<\/div>\n<div id=\"frm_field_38_container\" class=\"frm_form_field form-field  frm_required_field frm_top_container\">\r\n    <label for=\"field_593ot\" id=\"field_593ot_label\" class=\"frm_primary_label\">Skolniv\u00e5\r\n        <span class=\"frm_required\">*<\/span>\r\n    <\/label>\r\n    \t\t<select  name=\"item_meta[38]\" id=\"field_593ot\"  data-reqmsg=\"Skolniv\u00e5 cannot be blank.\" aria-required=\"true\" data-invmsg=\"Skolniv\u00e5 \u00e4r ogiltigt\" aria-invalid=\"false\"  >\n\t\t\t\t\t\t\t<option  value=\"\" class=\"frm-select-placeholder\">\n\t\t\t\t\t \t\t\t\t<\/option>\n\t\t\t\t\t\t<\/select>\n\t\t\r\n    \r\n    \r\n<\/div>\n<div id=\"frm_field_39_container\" class=\"frm_form_field form-field  frm_required_field frm_top_container\">\r\n    <label for=\"field_wxnsp\" id=\"field_wxnsp_label\" class=\"frm_primary_label\">L\u00e4roanstalt\r\n        <span class=\"frm_required\">*<\/span>\r\n    <\/label>\r\n    \t\t<select  name=\"item_meta[39]\" id=\"field_wxnsp\"  data-reqmsg=\"L\u00e4roanstalt cannot be blank.\" aria-required=\"true\" data-invmsg=\"L\u00e4roanstalt \u00e4r ogiltigt\" aria-invalid=\"false\"  >\n\t\t\t\t\t\t\t<option  value=\"\" class=\"frm-select-placeholder\">\n\t\t\t\t\t \t\t\t\t<\/option>\n\t\t\t\t\t\t<\/select>\n\t\t\r\n    \r\n    \r\n<\/div>\n\t\t<input  type=\"hidden\" name=\"item_meta[157]\" id=\"field_fgmkx-0\" value=\"\"     \/>\n\t\t<div id=\"frm_field_370_container\" class=\"frm_form_field form-field  frm_required_field frm_top_container vertical_radio\">\n    <div  id=\"field_pcwla_label\" class=\"frm_primary_label\">Varifr\u00e5n fick du information om l\u00e4romaterialet?\n        <span class=\"frm_required\" aria-hidden=\"true\">*<\/span>\n    <\/div>\n    <div class=\"frm_opt_container\" aria-labelledby=\"field_pcwla_label\" role=\"radiogroup\" aria-required=\"true\">\t\t<div class=\"frm_radio\" id=\"frm_radio_370-0\">\t\t\t<label  for=\"field_pcwla-0\">\n\t\t\t\t\t<input type=\"radio\" name=\"item_meta[370]\" id=\"field_pcwla-0\" value=\"Kollegalta\"\n\t\t data-reqmsg=\"Varifr\u00e5n fick du information om l\u00e4romaterialet? cannot be blank.\" data-invmsg=\"Varifr\u00e5n fick du information om l\u00e4romaterialet? \u00e4r ogiltigt\"   \/> Kollega<\/label><\/div>\n\t\t<div class=\"frm_radio\" id=\"frm_radio_370-1\">\t\t\t<label  for=\"field_pcwla-1\">\n\t\t\t\t\t<input type=\"radio\" name=\"item_meta[370]\" id=\"field_pcwla-1\" value=\"Uutiskirjeest\u00e4\"\n\t\t data-reqmsg=\"Varifr\u00e5n fick du information om l\u00e4romaterialet? cannot be blank.\" data-invmsg=\"Varifr\u00e5n fick du information om l\u00e4romaterialet? \u00e4r ogiltigt\"   \/> Nyhetsbrev<\/label><\/div>\n\t\t<div class=\"frm_radio\" id=\"frm_radio_370-2\">\t\t\t<label  for=\"field_pcwla-2\">\n\t\t\t\t\t<input type=\"radio\" name=\"item_meta[370]\" id=\"field_pcwla-2\" value=\"Mediasta\"\n\t\t data-reqmsg=\"Varifr\u00e5n fick du information om l\u00e4romaterialet? cannot be blank.\" data-invmsg=\"Varifr\u00e5n fick du information om l\u00e4romaterialet? \u00e4r ogiltigt\"   \/> Media<\/label><\/div>\n\t\t<div class=\"frm_radio\" id=\"frm_radio_370-3\">\t\t\t<label  for=\"field_pcwla-3\">\n\t\t\t\t\t<input type=\"radio\" name=\"item_meta[370]\" id=\"field_pcwla-3\" value=\"Nuoriyritt\u00e4jyys.fi -sivulta\"\n\t\t data-reqmsg=\"Varifr\u00e5n fick du information om l\u00e4romaterialet? cannot be blank.\" data-invmsg=\"Varifr\u00e5n fick du information om l\u00e4romaterialet? \u00e4r ogiltigt\"   \/> Ungforetagsamhet.fi -webbplatsen<\/label><\/div>\n\t\t<div class=\"frm_radio\" id=\"frm_radio_370-4\">\t\t\t<label  for=\"field_pcwla-4\">\n\t\t\t\t\t<input type=\"radio\" name=\"item_meta[370]\" id=\"field_pcwla-4\" value=\"Somesta\"\n\t\t data-reqmsg=\"Varifr\u00e5n fick du information om l\u00e4romaterialet? cannot be blank.\" data-invmsg=\"Varifr\u00e5n fick du information om l\u00e4romaterialet? \u00e4r ogiltigt\"   \/> Sociala medier<\/label><\/div>\n\t\t<div class=\"frm_radio\" id=\"frm_radio_370-5\">\t\t\t<label  for=\"field_pcwla-5\">\n\t\t\t\t\t<input type=\"radio\" name=\"item_meta[370]\" id=\"field_pcwla-5\" value=\"Koulutus tai tapahtuma\"\n\t\t data-reqmsg=\"Varifr\u00e5n fick du information om l\u00e4romaterialet? cannot be blank.\" data-invmsg=\"Varifr\u00e5n fick du information om l\u00e4romaterialet? \u00e4r ogiltigt\"   \/> Koulutus tai tapahtuma<\/label><\/div>\n\t\t<div class=\"frm_radio\" id=\"frm_radio_370-6\">\t\t\t<label  for=\"field_pcwla-6\">\n\t\t\t\t\t<input type=\"radio\" name=\"item_meta[370]\" id=\"field_pcwla-6\" value=\"Nuori Yritt\u00e4jyys j\u00e4rjest\u00f6n aluetoimijalta\"\n\t\t data-reqmsg=\"Varifr\u00e5n fick du information om l\u00e4romaterialet? cannot be blank.\" data-invmsg=\"Varifr\u00e5n fick du information om l\u00e4romaterialet? \u00e4r ogiltigt\"   \/> Ung F\u00f6retagsamhet rf:s regionakt\u00f6r<\/label><\/div>\n\t\t<div class=\"frm_radio\" id=\"frm_radio_370-7\">\t\t\t<label  for=\"field_pcwla-7\">\n\t\t\t\t\t<input type=\"radio\" name=\"item_meta[370]\" id=\"field_pcwla-7\" value=\"Rehtorilta tai sivistystoimesta\"\n\t\t data-reqmsg=\"Varifr\u00e5n fick du information om l\u00e4romaterialet? cannot be blank.\" data-invmsg=\"Varifr\u00e5n fick du information om l\u00e4romaterialet? \u00e4r ogiltigt\"   \/> Rektor eller bildningssektorn<\/label><\/div>\n\t\t<div class=\"frm_radio\" id=\"frm_radio_370-8\">\t\t\t<label  for=\"field_pcwla-8\">\n\t\t\t\t\t<input type=\"radio\" name=\"item_meta[370]\" id=\"field_pcwla-8\" value=\"Muualta\"\n\t\t data-reqmsg=\"Varifr\u00e5n fick du information om l\u00e4romaterialet? cannot be blank.\" data-invmsg=\"Varifr\u00e5n fick du information om l\u00e4romaterialet? \u00e4r ogiltigt\"   \/> Annan<\/label><\/div>\n<\/div>\n    \n    \n<\/div>\n<div id=\"frm_field_371_container\" class=\"frm_form_field form-field  frm_top_container\">\n    <label for=\"field_w2d6e\" id=\"field_w2d6e_label\" class=\"frm_primary_label\">Varifr\u00e5n fick du information?\n        <span class=\"frm_required\" aria-hidden=\"true\"><\/span>\n    <\/label>\n    <input  type=\"text\" id=\"field_w2d6e\" name=\"item_meta[371]\" value=\"\"  data-invmsg=\"Text is invalid\" aria-invalid=\"false\"   \/>\n    \n    \n<\/div>\n<div id=\"frm_field_372_container\" class=\"frm_form_field form-field  frm_top_container\">\n    <label for=\"field_wkew\" id=\"field_wkew_label\" class=\"frm_primary_label\">Mik\u00e4 tilaisuus?\n        <span class=\"frm_required\" aria-hidden=\"true\"><\/span>\n    <\/label>\n    <input  type=\"text\" id=\"field_wkew\" name=\"item_meta[372]\" value=\"\"  data-invmsg=\"Text is invalid\" aria-invalid=\"false\"   \/>\n    \n    \n<\/div>\n<div id=\"frm_field_336_container\" class=\"frm_form_field form-field  frm_top_container vertical_radio\">\r\n    <div  id=\"field_uvtt2_label\" class=\"frm_primary_label\">Jag godk\u00e4nner anv\u00e4ndningsvillkoren (<a href=\"https:\/\/nyohjelmat.fi\/sv\/dataskyddsbeskrivning\/\" target=\"_blank\">l\u00e4s dem h\u00e4r<\/a>)\r\n        <span class=\"frm_required\" aria-hidden=\"true\"><\/span>\r\n    <\/div>\r\n    <div class=\"frm_opt_container\" aria-labelledby=\"field_uvtt2_label\" role=\"radiogroup\">\t\t<div class=\"frm_radio\" id=\"frm_radio_336-0\">\t\t\t<label  for=\"field_uvtt2-0\">\n\t\t\t\t\t<input type=\"radio\" name=\"item_meta[336]\" id=\"field_uvtt2-0\" value=\"Kyll\u00e4\"\n\t\t data-invmsg=\"Jag godk\u00e4nner anv\u00e4ndningsvillkoren (&lt;a href=&quot;https:\/\/nyohjelmat.fi\/sv\/dataskyddsbeskrivning\/&quot; target=&quot;_blank&quot;&gt;l\u00e4s dem h\u00e4r&lt;\/a&gt;) \u00e4r ogiltigt\"   \/> Ja<\/label><\/div>\n<\/div>\r\n    <div class=\"frm_description\" id=\"frm_desc_field_uvtt2\">OBS! Du kan inte skicka din registrering utan att godk\u00e4nna anv\u00e4ndarvillkoren! <\/div>\r\n    \r\n<\/div>\n\t\t<input  type=\"hidden\" name=\"item_meta[362]\" id=\"field_gn9iu\" value=\"\"     \/>\n\t\t<div id=\"frm_field_375_container\" class=\"frm_form_field form-field \">\n\t<div class=\"frm_submit\">\r\n\r\n<button class=\"frm_button_submit frm_final_submit\" type=\"submit\"   formnovalidate=\"formnovalidate\">Rekister\u00f6idy<\/button>\r\n\r\n<\/div>\n<\/div>\n\t<input type=\"hidden\" name=\"item_key\" value=\"\" \/>\n\t\t\t<div id=\"frm_field_377_container\">\n\t\t\t<label for=\"field_vml89\" >\n\t\t\t\tOm du \u00e4r m\u00e4nsklig, l\u00e4mna det h\u00e4r f\u00e4ltet tomt.\t\t\t<\/label>\n\t\t\t<input  id=\"field_vml89\" type=\"text\" class=\"frm_form_field form-field frm_verify\" name=\"item_meta[377]\" value=\"\"  \/>\n\t\t<\/div>\n\t\t<input type=\"hidden\" name=\"frm_register[email]\" value=\"33\"\/>\n<input type=\"hidden\" name=\"frm_register[username]\" value=\"\"\/>\n<input type=\"hidden\" name=\"frm_register[password]\" value=\"35\"\/>\n<input type=\"hidden\" name=\"frm_register[subsite_title]\" value=\"username\"\/>\n<input type=\"hidden\" name=\"frm_register[subsite_domain]\" value=\"blog_title\"\/>\n<input name=\"frm_state\" type=\"hidden\" value=\"rv7\/5zzYvEl6OVGvQ42R454IJLMBLgQhO4z8dEzaBST0N9PuvpUB1z+IEVFr8z17\" \/><\/div>\n<\/fieldset>\n<\/div>\n\n<\/form>\n<\/div>\n\n\t\t\t\t\t\t\t\t<\/div>\n\t\t\t\t<\/div>\n\t\t\t\t\t<\/div>\n\t\t<\/div>\n\t\t\t\t\t<\/div>\n\t\t<\/section>\n\t\t\t\t<\/div>\n\t\t","protected":false},"excerpt":{"rendered":"<p>Denna webbplats f\u00e5r en ny registeransvarig den 1 juni 2023. Den nya registeransvarige \u00e4r Ung f\u00f6retagsamhet och ekonomi NYT rf. Genom att registrera dig godk\u00e4nner du \u00e4ndringen av registeransvarige. F\u00f6r att registrera dig beh\u00f6ver du en e-postadress som slutar med .fi eller .ax\u00a0 Anv\u00e4nd\u00a0i\u00a0registreringen\u00a0din\u00a0skolas\u00a0e-postadress\u00a0 I\u00a0forts\u00e4ttningen\u00a0anv\u00e4nder\u00a0du e-postadressen\u00a0som\u00a0anv\u00e4ndarnamn\u00a0d\u00e5\u00a0du\u00a0loggar\u00a0in\u00a0 Ifall\u00a0det\u00a0uppst\u00e5r\u00a0problem\u00a0ta\u00a0kontakt\u00a0till\u00a0kundservicen\u00a0<\/p>\n","protected":false},"author":2,"featured_media":0,"parent":0,"menu_order":0,"comment_status":"closed","ping_status":"closed","template":"","meta":{"site-sidebar-layout":"default","site-content-layout":"default","ast-site-content-layout":"default","site-content-style":"default","site-sidebar-style":"default","ast-global-header-display":"","ast-banner-title-visibility":"","ast-main-header-display":"","ast-hfb-above-header-display":"","ast-hfb-below-header-display":"","ast-hfb-mobile-header-display":"","site-post-title":"","ast-breadcrumbs-content":"","ast-featured-img":"","footer-sml-layout":"","ast-disable-related-posts":"","theme-transparent-header-meta":"default","adv-header-id-meta":"","stick-header-meta":"","header-above-stick-meta":"","header-main-stick-meta":"","header-below-stick-meta":"","astra-migrate-meta-layouts":"default","ast-page-background-enabled":"default","ast-page-background-meta":{"desktop":{"background-color":"","background-image":"","background-repeat":"repeat","background-position":"center center","background-size":"auto","background-attachment":"scroll","background-type":"","background-media":"","overlay-type":"","overlay-color":"","overlay-opacity":"","overlay-gradient":""},"tablet":{"background-color":"","background-image":"","background-repeat":"repeat","background-position":"center center","background-size":"auto","background-attachment":"scroll","background-type":"","background-media":"","overlay-type":"","overlay-color":"","overlay-opacity":"","overlay-gradient":""},"mobile":{"background-color":"","background-image":"","background-repeat":"repeat","background-position":"center center","background-size":"auto","background-attachment":"scroll","background-type":"","background-media":"","overlay-type":"","overlay-color":"","overlay-opacity":"","overlay-gradient":""}},"ast-content-background-meta":{"desktop":{"background-color":"var(--ast-global-color-5)","background-image":"","background-repeat":"repeat","background-position":"center center","background-size":"auto","background-attachment":"scroll","background-type":"","background-media":"","overlay-type":"","overlay-color":"","overlay-opacity":"","overlay-gradient":""},"tablet":{"background-color":"var(--ast-global-color-5)","background-image":"","background-repeat":"repeat","background-position":"center center","background-size":"auto","background-attachment":"scroll","background-type":"","background-media":"","overlay-type":"","overlay-color":"","overlay-opacity":"","overlay-gradient":""},"mobile":{"background-color":"var(--ast-global-color-5)","background-image":"","background-repeat":"repeat","background-position":"center center","background-size":"auto","background-attachment":"scroll","background-type":"","background-media":"","overlay-type":"","overlay-color":"","overlay-opacity":"","overlay-gradient":""}},"footnotes":""},"class_list":["post-11049","page","type-page","status-publish","hentry"],"_links":{"self":[{"href":"https:\/\/nyohjelmat.fi\/sv\/wp-json\/wp\/v2\/pages\/11049","targetHints":{"allow":["GET"]}}],"collection":[{"href":"https:\/\/nyohjelmat.fi\/sv\/wp-json\/wp\/v2\/pages"}],"about":[{"href":"https:\/\/nyohjelmat.fi\/sv\/wp-json\/wp\/v2\/types\/page"}],"author":[{"embeddable":true,"href":"https:\/\/nyohjelmat.fi\/sv\/wp-json\/wp\/v2\/users\/2"}],"replies":[{"embeddable":true,"href":"https:\/\/nyohjelmat.fi\/sv\/wp-json\/wp\/v2\/comments?post=11049"}],"version-history":[{"count":16,"href":"https:\/\/nyohjelmat.fi\/sv\/wp-json\/wp\/v2\/pages\/11049\/revisions"}],"predecessor-version":[{"id":23970,"href":"https:\/\/nyohjelmat.fi\/sv\/wp-json\/wp\/v2\/pages\/11049\/revisions\/23970"}],"wp:attachment":[{"href":"https:\/\/nyohjelmat.fi\/sv\/wp-json\/wp\/v2\/media?parent=11049"}],"curies":[{"name":"wp","href":"https:\/\/api.w.org\/{rel}","templated":true}]}}