{"id":14732,"date":"2021-07-26T14:33:25","date_gmt":"2021-07-26T11:33:25","guid":{"rendered":"https:\/\/nyohjelmat.fi\/?page_id=14732"},"modified":"2021-08-09T14:43:28","modified_gmt":"2021-08-09T11:43:28","slug":"dataskyddsbeskrivning","status":"publish","type":"page","link":"https:\/\/nyohjelmat.fi\/sv\/dataskyddsbeskrivning\/","title":{"rendered":"Dataskyddsbeskrivning"},"content":{"rendered":"\t\t<div data-elementor-type=\"wp-page\" data-elementor-id=\"14732\" class=\"elementor elementor-14732 elementor-3\" data-elementor-post-type=\"page\">\n\t\t\t\t\t\t<section class=\"elementor-section elementor-top-section elementor-element elementor-element-555a9df7 elementor-section-boxed elementor-section-height-default elementor-section-height-default\" data-id=\"555a9df7\" data-element_type=\"section\" data-e-type=\"section\">\n\t\t\t\t\t\t<div class=\"elementor-container elementor-column-gap-default\">\n\t\t\t\t\t<div class=\"elementor-column elementor-col-100 elementor-top-column elementor-element elementor-element-6e282943\" data-id=\"6e282943\" data-element_type=\"column\" data-e-type=\"column\">\n\t\t\t<div class=\"elementor-widget-wrap elementor-element-populated\">\n\t\t\t\t\t\t<div class=\"elementor-element elementor-element-35f5de2f elementor-widget elementor-widget-text-editor\" data-id=\"35f5de2f\" data-element_type=\"widget\" data-e-type=\"widget\" data-widget_type=\"text-editor.default\">\n\t\t\t\t<div class=\"elementor-widget-container\">\n\t\t\t\t\t\t\t\t\t\n<h2>Rekisterinpit\u00e4j\u00e4<\/h2>\n<p>Nuori Yritt\u00e4jyys ry<br \/>Kyllikinportti 2<br \/>00510 Helsinki<\/p>\n<p>info@nuoriyrittajyys.fi<br \/>puh: 044 7287 837<br \/>Y-tunnus: 1813465-6<\/p>\n<h2>Rekisterin nimi<\/h2>\n<p>Nuori Yritt\u00e4jyys Ry:n verkkoj\u00e4rjestelm\u00e4n j\u00e4sen ja tilausrekisteri osoitteessa: nyohjelmat.fi\u00a0<\/p>\n<h2>K\u00e4sittelyn tarkoitus ja k\u00e4sittelyn oikeusperuste<\/h2>\n<p>Tietoja ker\u00e4t\u00e4\u00e4n sek\u00e4 NY-ohjelmien suorittamisen tukemiseen ett\u00e4 viestint\u00e4\u00e4n ja yhteydenpitoon.<\/p>\n<p>Ohjelmien suorittamista varten opettajat rekister\u00f6ityv\u00e4t verkkoalustalle seuraavia tarkoituksia varten<\/p>\n<ul>\n<li>Oppimateriaalin tilaus;<\/li>\n<li>Koulutuksiin osallistuminen;<\/li>\n<li>Tutkimus- ja selvitystarkoituksiin toiminnan kehitt\u00e4miseksi<\/li>\n<\/ul>\n<p>Tietojen k\u00e4sittely perustuu tietojen antajan suostumukseen ja ohjelmaan osallistuvat opettajat lis\u00e4\u00e4v\u00e4t itse tietonsa j\u00e4rjestelm\u00e4\u00e4n.<\/p>\n<p>Tietoja k\u00e4sitell\u00e4\u00e4n WordPress-j\u00e4rjestelm\u00e4ss\u00e4 sek\u00e4 SalesForce -sovelluksessa ja tietojen k\u00e4sittelij\u00e4n\u00e4 toimivat j\u00e4rjestelm\u00e4n vastuuhenkil\u00f6t.<\/p>\n<p>Tilauksien k\u00e4sittelij\u00f6in\u00e4 toimii Nuori Yritt\u00e4jyys ry:n henkil\u00f6st\u00f6.<\/p>\n<h2>Rekisterin tietosis\u00e4lt\u00f6<\/h2>\n<p>Rekister\u00f6idyist\u00e4 opettajista ker\u00e4t\u00e4\u00e4n seuraavat tiedot:<\/p>\n<ul>\n<li>Nimi<\/li>\n<li>Puhelinnumero<\/li>\n<li>Ty\u00f6s\u00e4hk\u00f6posti<\/li>\n<li>Koulu, jossa opettaja opettaa<\/li>\n<\/ul>\n<p>Opintoryhmist\u00e4 ker\u00e4t\u00e4\u00e4n seuraavat tiedot ryhm\u00e4tasolla<\/p>\n<ul>\n<li>Opiskelijoiden m\u00e4\u00e4r\u00e4 ja sukupuolijakaume<\/li>\n<\/ul>\n<h2>Media<\/h2>\n<p>Mik\u00e4li lataat kuvia t\u00e4lle sivustolle, sinun tulee v\u00e4ltt\u00e4\u00e4 sellaisten kuvien lataamista, joissa on tallennettu paikkatieto (EXIF GPS). Sivuston vierailijat voivat ladata ja katsoa paikkatietoa kuvista, joita sivustolla on.<\/p>\n<h2>Ev\u00e4steet<\/h2>\n<p>Mik\u00e4li sinulla on tili ja kirjaudut sivustolle, asetamme v\u00e4liaikaisen ev\u00e4steen, joka p\u00e4\u00e4ttelee tukeeko selaimesi ev\u00e4steit\u00e4 vai ei. T\u00e4m\u00e4 ev\u00e4ste ei sis\u00e4ll\u00e4 henkil\u00f6tietoa ja se poistetaan kun selainikkuna suljetaan.<\/p>\n<p>Kun kirjaudut sis\u00e4\u00e4n asetamme useita ev\u00e4steit\u00e4, jotka tallentavat kirjautumis- sek\u00e4 n\u00e4ytt\u00f6asetuksesi. Kirjautumisev\u00e4steet poistetaan kahden vuorokauden kuluessa, n\u00e4ytt\u00f6asetuksiin liittyv\u00e4t ev\u00e4steet poistuvat vuoden p\u00e4\u00e4st\u00e4. Mik\u00e4li valitset \u201cMuista minut\u201d kirjautumisen yhteydess\u00e4, kirjautumistietojasi s\u00e4ilytet\u00e4\u00e4n kahden viikon ajan. Mik\u00e4li kirjaudut ulos, kirjautumiseen liittyv\u00e4t ev\u00e4steet poistetaan samassa yhteydess\u00e4.<\/p>\n<h2>Muilta sivustoilta upotettu sis\u00e4lt\u00f6<\/h2>\n<p>T\u00e4m\u00e4n sivuston artikkelit voivat sis\u00e4lt\u00e4\u00e4 upotettua sis\u00e4lt\u00f6\u00e4 (esimerkiksi videoita, kuvia, artikkeleita jne.). Toisilta sivustoilta tuodun upotetun sis\u00e4ll\u00f6n avaaminen on verrattavissa siihen, ett\u00e4 vierailija itse k\u00e4visi kolmannen osapuolen sivustolla.<\/p>\n<p>N\u00e4m\u00e4 sivustot voivat ker\u00e4t\u00e4 tietoa sinusta, k\u00e4ytt\u00e4\u00e4 ev\u00e4steit\u00e4, upottaa kolmannen osapuolen seurantaev\u00e4steit\u00e4 ja monitoroida vuorovaikutustasi upotetun sis\u00e4ll\u00f6n kanssa, mukaan lukien vuorovaikutuksen seuranta jos ja kun olet kirjautunut k\u00e4ytt\u00e4j\u00e4n\u00e4 sivustolle.<\/p>\n<h2>Henkil\u00f6tietojen vastaanottajat ja s\u00e4\u00e4nn\u00f6nmukaiset luovutukset<\/h2>\n<p>Henkil\u00f6tietoja ei s\u00e4\u00e4nn\u00f6nmukaisesti luovuteta organisaation ulkopuolelle ilman henkil\u00f6n suostumusta. Luovutuspyynn\u00f6t koskevat yleisin tiedotusv\u00e4lineit\u00e4, jotka haluavat kirjoittaa verkkoalustan k\u00e4ytt\u00e4jist\u00e4 ja n\u00e4iss\u00e4 tapauksissa henkil\u00f6lt\u00e4 pyydet\u00e4\u00e4n erikseen suostumus tietojen luovuttamiseen.<\/p>\n<p>Tiedot tallennetaan WordPress-j\u00e4rjestelm\u00e4\u00e4n, josta ohjelmien tilaustiedot vied\u00e4\u00e4n Salesforce -j\u00e4rjestelm\u00e4\u00e4n, jossa niit\u00e4 k\u00e4ytet\u00e4\u00e4n fyysisten materiaalien toimitukseen sek\u00e4 tilastointiin ja tilauksen tehneiden opettajien osalta kontaktointiin.<\/p>\n<h2>Siirrot kolmanteen maahan<\/h2>\n<p>Henkil\u00f6tiedot ja tietojen l\u00e4hett\u00e4j\u00e4n IP-osoite tallennetaan ohjelman verkkosivuston j\u00e4rjestelm\u00e4\u00e4n. J\u00e4rjestelm\u00e4 yll\u00e4pidet\u00e4\u00e4n Suomessa sijaitsevilla palvelimilla. J\u00e4rjestelm\u00e4st\u00e4 otetaan varmuuskopiot, jotka s\u00e4ilytet\u00e4\u00e4n EU-maassa olevilla palvelimilla.\u00a0<\/p>\n<p>Lis\u00e4ksi tiedot vied\u00e4\u00e4n Salesforce-j\u00e4rjestelm\u00e4\u00e4n, joka s\u00e4ilytt\u00e4\u00e4 tiedot GDPR-vaatimusten mukaisesti.<\/p>\n<h2>Kuinka kauan s\u00e4ilyt\u00e4mme tietoa<\/h2>\n<p>Tallennamme rekister\u00f6ityneiden k\u00e4ytt\u00e4jien k\u00e4ytt\u00e4j\u00e4profiilien tiedot. Kaikilla k\u00e4ytt\u00e4jill\u00e4 on mahdollisuus n\u00e4hd\u00e4, muokata ja poistaa omia henkil\u00f6tietojaan milloin vain. Ainoastaan k\u00e4ytt\u00e4j\u00e4nime\u00e4 ei voi muuttaa. Verkkosivuston yll\u00e4pit\u00e4j\u00e4t voivat n\u00e4hd\u00e4 ja muokata k\u00e4ytt\u00e4j\u00e4profiilien tietoja.<\/p>\n<p>Tilaustietoja (Koulun tiedot, ohjaava opettaja, oppilaiden m\u00e4\u00e4r\u00e4, tilattu ohjelma ja suoritusp\u00e4iv\u00e4) ei poisteta. Tilauksen tietoja k\u00e4ytet\u00e4\u00e4n tilastointia varten. Opettajilla ja opiskelijoilla on mahdollisuus pyyt\u00e4\u00e4 tietojen poistoa.<\/p>\n<h2>Mit\u00e4 oikeuksia sinulla on omaan tietoosi<\/h2>\n<p>Rekister\u00f6ity voi kirjautua verkkoj\u00e4rjestelm\u00e4\u00e4n ja tarkastaa omat tietonsa j\u00e4rjestelm\u00e4n kohdasta Tilin tiedot. Rekister\u00f6ity voi my\u00f6s vaihtaa j\u00e4rjestelm\u00e4n salasanan kohdasta Salasanan muokkaaminen.<\/p>\n<p>Tarvittaessa rekister\u00f6idyll\u00e4 on oikeus tarkastaa, mit\u00e4 h\u00e4nt\u00e4 koskevia tietoja henkil\u00f6rekisteriss\u00e4 k\u00e4sitell\u00e4\u00e4n. Tarkastuspyynt\u00f6 on teht\u00e4v\u00e4 kirjallisesti ja l\u00e4hetett\u00e4v\u00e4 allekirjoitettuna yll\u00e4 mainitulle rekisteriasioista vastaavalle yhteyshenkil\u00f6lle.<\/p>\n<h2>Rekister\u00f6idyn oikeus vaatia tiedon korjaamista<\/h2>\n<p>Rekister\u00f6idyll\u00e4 on oikeus vaatia rekisteriss\u00e4 olevan virheellisen tiedon korjaamista. Tietojen korjauspyynn\u00f6ss\u00e4 on yksil\u00f6it\u00e4v\u00e4 korjattava virhe ja ilmoitettava korjatut tiedot. Kirjallinen korjauspyynt\u00f6 on l\u00e4hetett\u00e4v\u00e4 yll\u00e4 mainitulle rekisteriasioista vastaavalle yhteyshenkil\u00f6lle.<\/p>\n<h2>Rekister\u00f6idyn muut oikeudet<\/h2>\n<p>Rekister\u00f6idyll\u00e4 on oikeus pyyt\u00e4\u00e4 henkil\u00f6tietojensa poistamista rekisterist\u00e4, henkil\u00f6tietojensa k\u00e4sittelyn rajoittamista tai vastustaa henkil\u00f6tietojensa k\u00e4sittely\u00e4.<\/p>\n<p>Jos rekister\u00f6ity vaatii henkil\u00f6tietojen poistamista tai vastustaa niiden k\u00e4sittely\u00e4, pyynt\u00f6 toteutetaan, mutta samalla rekister\u00f6idyn mahdollisuus osallistua kurssille p\u00e4\u00e4ttyy. Ilman osallistujatietoja ei kurssin opettajilla ole mahdollisuutta suorittaa arvostelua tai opiskelijalla palauttaa kurssin teht\u00e4vi\u00e4.<\/p>\n<p>Rekister\u00f6idyll\u00e4 on oikeus tehd\u00e4 valitus toimivaltaiselle valvontaviranomaiselle, mik\u00e4li rekister\u00f6ity katsoo, ett\u00e4 Nuori Yritt\u00e4jyys Ry ei ole k\u00e4sitellyt henkil\u00f6tietoja soveltuvan tietosuojalains\u00e4\u00e4d\u00e4nn\u00f6n mukaisesti. Valvontaviranomaisen yhteystiedot ovat:<\/p>\n<p>Tietosuojavaltuutetun toimisto<br \/>PL 800<br \/>00521 HELSINKI<\/p>\n<p>S\u00e4hk\u00f6posti: tietosuoja@om.fi<br \/>Vaihde: 029 56 66700<br \/>www.tietosuoja.fi<\/p>\n\t\t\t\t\t\t\t\t<\/div>\n\t\t\t\t<\/div>\n\t\t\t\t\t<\/div>\n\t\t<\/div>\n\t\t\t\t\t<\/div>\n\t\t<\/section>\n\t\t\t\t<\/div>\n\t\t","protected":false},"excerpt":{"rendered":"<p>Rekisterinpit\u00e4j\u00e4 Nuori Yritt\u00e4jyys ryKyllikinportti 200510 Helsinki info@nuoriyrittajyys.fipuh: 044 7287 837Y-tunnus: 1813465-6 Rekisterin nimi Nuori Yritt\u00e4jyys Ry:n verkkoj\u00e4rjestelm\u00e4n j\u00e4sen ja tilausrekisteri osoitteessa: nyohjelmat.fi\u00a0 K\u00e4sittelyn tarkoitus ja k\u00e4sittelyn oikeusperuste Tietoja ker\u00e4t\u00e4\u00e4n sek\u00e4 NY-ohjelmien suorittamisen tukemiseen ett\u00e4 viestint\u00e4\u00e4n ja yhteydenpitoon. Ohjelmien suorittamista varten opettajat rekister\u00f6ityv\u00e4t verkkoalustalle seuraavia tarkoituksia varten Oppimateriaalin tilaus; Koulutuksiin osallistuminen; Tutkimus- ja selvitystarkoituksiin toiminnan kehitt\u00e4miseksi [&hellip;]<\/p>\n","protected":false},"author":2,"featured_media":0,"parent":0,"menu_order":0,"comment_status":"closed","ping_status":"open","template":"","meta":{"site-sidebar-layout":"default","site-content-layout":"default","ast-site-content-layout":"default","site-content-style":"default","site-sidebar-style":"default","ast-global-header-display":"","ast-banner-title-visibility":"","ast-main-header-display":"","ast-hfb-above-header-display":"","ast-hfb-below-header-display":"","ast-hfb-mobile-header-display":"","site-post-title":"","ast-breadcrumbs-content":"","ast-featured-img":"","footer-sml-layout":"","ast-disable-related-posts":"","theme-transparent-header-meta":"default","adv-header-id-meta":"","stick-header-meta":"","header-above-stick-meta":"","header-main-stick-meta":"","header-below-stick-meta":"","astra-migrate-meta-layouts":"default","ast-page-background-enabled":"default","ast-page-background-meta":{"desktop":{"background-color":"","background-image":"","background-repeat":"repeat","background-position":"center center","background-size":"auto","background-attachment":"scroll","background-type":"","background-media":"","overlay-type":"","overlay-color":"","overlay-opacity":"","overlay-gradient":""},"tablet":{"background-color":"","background-image":"","background-repeat":"repeat","background-position":"center center","background-size":"auto","background-attachment":"scroll","background-type":"","background-media":"","overlay-type":"","overlay-color":"","overlay-opacity":"","overlay-gradient":""},"mobile":{"background-color":"","background-image":"","background-repeat":"repeat","background-position":"center center","background-size":"auto","background-attachment":"scroll","background-type":"","background-media":"","overlay-type":"","overlay-color":"","overlay-opacity":"","overlay-gradient":""}},"ast-content-background-meta":{"desktop":{"background-color":"var(--ast-global-color-5)","background-image":"","background-repeat":"repeat","background-position":"center center","background-size":"auto","background-attachment":"scroll","background-type":"","background-media":"","overlay-type":"","overlay-color":"","overlay-opacity":"","overlay-gradient":""},"tablet":{"background-color":"var(--ast-global-color-5)","background-image":"","background-repeat":"repeat","background-position":"center center","background-size":"auto","background-attachment":"scroll","background-type":"","background-media":"","overlay-type":"","overlay-color":"","overlay-opacity":"","overlay-gradient":""},"mobile":{"background-color":"var(--ast-global-color-5)","background-image":"","background-repeat":"repeat","background-position":"center center","background-size":"auto","background-attachment":"scroll","background-type":"","background-media":"","overlay-type":"","overlay-color":"","overlay-opacity":"","overlay-gradient":""}},"footnotes":""},"class_list":["post-14732","page","type-page","status-publish","hentry"],"_links":{"self":[{"href":"https:\/\/nyohjelmat.fi\/sv\/wp-json\/wp\/v2\/pages\/14732","targetHints":{"allow":["GET"]}}],"collection":[{"href":"https:\/\/nyohjelmat.fi\/sv\/wp-json\/wp\/v2\/pages"}],"about":[{"href":"https:\/\/nyohjelmat.fi\/sv\/wp-json\/wp\/v2\/types\/page"}],"author":[{"embeddable":true,"href":"https:\/\/nyohjelmat.fi\/sv\/wp-json\/wp\/v2\/users\/2"}],"replies":[{"embeddable":true,"href":"https:\/\/nyohjelmat.fi\/sv\/wp-json\/wp\/v2\/comments?post=14732"}],"version-history":[{"count":5,"href":"https:\/\/nyohjelmat.fi\/sv\/wp-json\/wp\/v2\/pages\/14732\/revisions"}],"predecessor-version":[{"id":17484,"href":"https:\/\/nyohjelmat.fi\/sv\/wp-json\/wp\/v2\/pages\/14732\/revisions\/17484"}],"wp:attachment":[{"href":"https:\/\/nyohjelmat.fi\/sv\/wp-json\/wp\/v2\/media?parent=14732"}],"curies":[{"name":"wp","href":"https:\/\/api.w.org\/{rel}","templated":true}]}}